{"id":2332,"date":"2016-06-15T16:17:46","date_gmt":"2016-06-15T14:17:46","guid":{"rendered":"http:\/\/francescacay.com\/en\/?page_id=2332"},"modified":"2016-06-15T16:20:19","modified_gmt":"2016-06-15T14:20:19","slug":"cookie-policy","status":"publish","type":"page","link":"https:\/\/francescacay.com\/en\/cookie-policy\/","title":{"rendered":"Cookie Policy"},"content":{"rendered":"<h2 style=\"text-align: justify;\"><strong>Informativa cookie &#8211; Informativa Estesa<\/strong><\/h2>\n<p style=\"text-align: justify;\">Francesca Cay\u00a0titolare del trattamento dei dati personali sul sito<span class=\"Apple-converted-space\"> http:\/\/francescacay.com<\/span>,\u00a0informa che fa uso di cookie al fine di rendere i nostri servizi efficienti e semplici da utilizzare, garantendo altres\u00ec il diritto all\u2019autodeterminazione informata, ai sensi degli artt. 13 e 122 del D.Lvo 196\/2003 (\u201cCodice Privacy\u201d) e del provvedimento del Garante per la protezione dei dati personali n. 229 dell\u20198 maggio 2014; la presente informativa estesa \u00e8 resa solo per il sito<span class=\"Apple-converted-space\"> http:\/\/francescacay.com<\/span>, escludendo altri siti consultabili dall\u2019utente tramite un link dal nostro sito.<\/p>\n<h2 style=\"text-align: justify;\"><strong>Cosa sono i cookie<\/strong><\/h2>\n<p style=\"text-align: justify;\">Quando si visita il nostro sito\u00a0una quantit\u00e0 minima di informazioni viene inserita nel dispositivo dell\u2019utente sotto forma di piccoli file di testo, chiamati \u201ccookie\u201d, che vengono salvati nella directory del browser web dell\u2019utente; esistono diverse tipologie di cookie, ma principalmente lo scopo di un cookie \u00e8 quello di far funzionare pi\u00f9 efficacemente il sito e di abilitarne determinate funzionalit\u00e0.<\/p>\n<p style=\"text-align: justify;\"><strong>I cookie sono prevalentemente utilizzati per migliorare la navigazione globale dell\u2019utente.<\/strong><\/p>\n<p style=\"text-align: justify;\">I cookie presenti sul nostro sito servono per:<\/p>\n<ul style=\"text-align: justify;\">\n<li>navigare in modo efficiente;<\/li>\n<li>misurare l\u2019utilizzo dei servizi da parte degli utenti, con raccolta di informazioni in forma aggregata, per ottimizzare l\u2019esperienza di navigazione ed i servizi stessi;<\/li>\n<li>memorizzare il nome utente ed i prodotti inseriti nel carrello;<\/li>\n<li>consentire di evitare di inserire pi\u00f9 volte le medesime informazioni (come nome utente e password) durante la visita.<\/li>\n<\/ul>\n<p style=\"text-align: justify;\">Durante la navigazione \u00e8 possibile che sul dispositivo vengano inseriti cookie di siti diversi, detti \u201ccookie terze parti\u201d, configurati direttamente da terze parti ed utilizzati per modalit\u00e0 e finalit\u00e0 definite dagli stessi.<\/p>\n<h2 style=\"text-align: justify;\"><strong>Tipologie di cookie<\/strong><\/h2>\n<p style=\"text-align: justify;\">Esistono vari tipi di cookie; di seguito sono riportati i tipi di cookie che possono essere utilizzati nel nostro sito con una descrizione della finalit\u00e0 legata all\u2019uso.<\/p>\n<h3 style=\"text-align: justify;\"><strong>Cookie\u00a0tecnici<\/strong><\/h3>\n<p style=\"text-align: justify;\">I cookie di questo tipo sono necessari per il corretto funzionamento di alcune aree del sito http:\/\/francescacay.com; senza questi cookie il nostro sito non sarebbe correttamente navigabile. I cookie di questa categoria comprendono sia cookie persistenti che cookie di sessione. Questa tipologia di cookie viene sempre utilizzata indipendentemente dalle preferenze dall\u2019utente e\u00a0vengono inviati dal nostro dominio al dispositivo dell\u2019utente che visita il nostro sito.<\/p>\n<h3 style=\"text-align: justify;\"><strong>Cookie analitici<\/strong><\/h3>\n<p style=\"text-align: justify;\">Questa tipologia di cookie viene utilizzata per raccogliere informazioni sull\u2019utilizzo del sito; utilizziamo queste \u00a0informazioni per finalit\u00e0 di:<\/p>\n<ul style=\"text-align: justify;\">\n<li>analisi statistiche;<\/li>\n<li>miglioramento del sito, per semplificarne l\u2019utilizzo e per ottimizzare i servizi offerti;<\/li>\n<li>monitoraggio del corretto funzionamento del sito.<\/li>\n<\/ul>\n<p style=\"text-align: justify;\">Questa tipologia di cookie raccoglie informazioni in forma anonima sull\u2019attivit\u00e0 degli utenti nel sito e sul modo in cui sono arrivati al sito e alle pagine visitate; i cookie di questa tipologia vengono inviati dal nostro sito o da domini di terze parti.<\/p>\n<h3 style=\"text-align: justify;\"><strong>Cookie <\/strong><strong>terze\u00a0parti<\/strong><\/h3>\n<p style=\"text-align: justify;\">Sono utilizzati per raccogliere informazioni, in forma anonima, sull\u2019utilizzo del sito http:\/\/francescacay.com\u00a0da parte dei visitatori, le parole chiave usate per raggiungere il sito, le pagine visitate e le origini del traffico da cui provengono gli utenti per campagne, rapporti e per migliorare il sito. I cookie di questo tipo vengono inviati dal nostro sito o da domini di terze parti. I cookie terze parti per l\u2019integrazione di funzionalit\u00e0 vengono utilizzati per integrare le funzioni di terze parti nel nostro sito, come ad esempio i moduli per i commenti o i link ai social network, che consentono agli utenti di condividere il contenuto del sito, escludendo la condivisione di informazioni dal sito in cui sono incorporati. Questi cookie possono essere inviati dai siti partner o che comunque offrono delle funzionalit\u00e0 presenti nel nostro sito.<\/p>\n<h3 style=\"text-align: justify;\"><strong>Cookie <\/strong><strong>di profilazione<br \/>\n<\/strong><\/h3>\n<p style=\"text-align: justify;\">Sono utilizzati per creare profili relativi all\u2019utente e vengono utilizzati per inviare messaggi pubblicitari in linea con le preferenze manifestate dallo stesso nell\u2019ambito della navigazione. I cookie di profilazione prima parte non sono utilizzati nel sito<span class=\"Apple-converted-space\"> http:\/\/francescacay.com<\/span>.<\/p>\n<h2 style=\"text-align: justify;\"><strong>Cookie utilizzati nel nostro sito<\/strong><\/h2>\n<p style=\"text-align: justify;\">Il sito http:\/\/francescacay.com\u00a0utilizza cookie tecnici, analitici prima parte, analitici terze parti con riduzione del potere identificativo e di profilazione terze parti. Relativamente ai cookie tecnici, il titolare\u00a0non \u00e8 tenuto a richiedere il consenso dell\u2019utente per l\u2019installazione dei cookie tecnici, poich\u00e8 strettamente necessari per far funzionare correttamente il sito, mentre per le altre tipologie di cookie l\u2019utente pu\u00f2 esprimere il proprio consenso sul nostro sito come previsto dalla vigente normativa.<\/p>\n<p style=\"text-align: justify;\">Il consenso pu\u00f2 avvenire attraverso specifiche configurazioni del browser utilizzato per la navigazione e\/o con programmi informatici di facile e chiara utilizzabilit\u00e0 per l\u2019utente; si ricorda che \u00e8 possibile modificare le preferenze relative ai cookie in qualsiasi momento; \u00e8 anche possibile disabilitare in qualsiasi momento i cookie dal browser, ma questa operazione potrebbe impedire all\u2019utente di utilizzare alcune parti del nostro sito.<\/p>\n<h3 style=\"text-align: justify;\"><strong>Abilitazione\/disabilitazione di cookie tramite browser<\/strong><\/h3>\n<p style=\"text-align: justify;\">Esistono diverse modalit\u00e0 di gestione dei cookie e delle altre tecnologie di tracciabilit\u00e0; modificando le impostazioni del browser, si possono accettare o rifiutare i cookie o decidere di ricevere un messaggio di avviso prima di accettare un cookie dai siti web visitati. Ricordiamo che disabilitando completamente i cookie nel browser, l\u2019utente potrebbe non essere in grado di utilizzare tutte le funzionalit\u00e0 interattive presenti sul sito http:\/\/francescacay.com.<\/p>\n<p style=\"text-align: justify;\">E\u2019 possibile eliminare tutti i cookie installati accedendo alla cartella dei cookie del browser utilizzato per la navigazione. Ciascun browser presenta procedure diverse per la gestione delle impostazioni. Fare clic su uno dei collegamenti sottostanti per ottenere le istruzioni specifiche.<\/p>\n<p style=\"text-align: justify;\"><a href=\"http:\/\/windows.microsoft.com\/en-us\/windows-vista\/block-or-allow-cookies\"><strong>Microsoft Windows Explorer<\/strong><\/a><\/p>\n<p style=\"text-align: justify;\"><a href=\"https:\/\/support.google.com\/chrome\/bin\/answer.py?hl=en&amp;answer=95647&amp;p=cpn_cookies\"><strong>Google Chrome<\/strong><\/a><\/p>\n<p style=\"text-align: justify;\"><a href=\"http:\/\/support.mozilla.org\/en-US\/kb\/Enabling%20and%20disabling%20cookies\"><strong>Mozilla Firefox<\/strong><\/a><\/p>\n<p style=\"text-align: justify;\"><a href=\"http:\/\/docs.info.apple.com\/article.html?path=Safari\/5.0\/en\/9277.html\"><strong>Apple Safari<\/strong><\/a><\/p>\n<p style=\"text-align: justify;\">Nel caso di utilizzo di browser diverso da quelli sopra elencati, selezionare \u201ccookie\u201d nella relativa sezione della guida per scoprire dove si trova la cartella dei cookie.<\/p>\n<h3 style=\"text-align: justify;\"><strong>Eliminazione dei cookie Flash<\/strong><\/h3>\n<p style=\"text-align: justify;\">Fare clic sul collegamento di seguito per modificare le impostazioni relative ai cookie Flash.<\/p>\n<p style=\"text-align: justify;\"><strong><a href=\"http:\/\/www.macromedia.com\/support\/documentation\/en\/flashplayer\/help\/settings_manager02.html#118539\">Disabilitazione dei cookie Flash<\/a><\/strong><\/p>\n<h3 style=\"text-align: justify;\"><strong>Cookie installati<\/strong><\/h3>\n<p style=\"text-align: justify;\">I cookie che possono essere presenti nel nostro sito sono i seguenti:<\/p>\n<table style=\"height: 92px;\" width=\"685\">\n<tbody>\n<tr>\n<td>Tipo<\/td>\n<td>Nome cookie<\/td>\n<td>Descrizione<\/td>\n<td>Validit\u00e0\/Scadenza<\/td>\n<\/tr>\n<tr>\n<td>tecnico<\/td>\n<td>wordpress_test_cookie<\/td>\n<td>cookie di sessione<\/td>\n<td>Ogni fine sessione<\/td>\n<\/tr>\n<tr>\n<td>tecnico<\/td>\n<td>euCookie<\/td>\n<td>cookie di funzionalit\u00e0<\/td>\n<td>1 mese<\/td>\n<\/tr>\n<tr>\n<td>Google Analycs<\/td>\n<td>_ga\/_gat<\/td>\n<td>cookie di prestazione<\/td>\n<td>2 anni\/10 min.<\/td>\n<\/tr>\n<\/tbody>\n<\/table>\n<p style=\"text-align: justify;\"><strong>Per l\u2019installazione di tali cookie non \u00e8 richiesto all\u2019utente il preventivo consenso.<\/strong><\/p>\n<p style=\"text-align: justify;\">Attraverso il sito http:\/\/francescacay.com\u00a0sono installati anche alcuni cookie terze parti, anche profilanti, che si attivano cliccando \u201cok\u201d sul banner presente in home page; si riportano di seguito i cookie terze parti ed i relativi link con cui l\u2019utente pu\u00f2 trovare ulteriori informazioni nonch\u00e8 richiederne la disattivazione.<\/p>\n<h3 class=\"p2\" style=\"text-align: justify;\"><strong><span class=\"s1\">Google Analytics<\/span><\/strong><\/h3>\n<p id=\"aui_3_2_0_1109\" style=\"text-align: justify;\"><span class=\"s1\">Il nostro sito utilizza Google Analytics per fini statistici. Si tratta di un servizio,\u00a0fornito da Google Inc., che raccoglie analisi statistiche in forma aggregata, in ordine all\u2019utilizzo del nostro sito attraverso l\u2019utilizzo di cookie, che vengono depositati sul computer dell\u2019utente; si precisa inoltre che oltre ai cookie \u00e8 utilizzato, sempre da Google Inc., anche un pixel tag (<a href=\"http:\/\/www.google.it\/intl\/it\/policies\/privacy\/key-terms\/\" target=\"_blank\">http:\/\/www.google.it\/intl\/it\/policies\/privacy\/key-terms\/<\/a>). I dati raccolti tramite questa funzione sono nella disponibilit\u00e0 di Google Inc., come indicato <\/span>nell\u2019informativa disponibile alla pagina <a href=\"https:\/\/developers.google.com\/analytics\/devguides\/collection\/analyticsjs\/cookie-usage\"><span class=\"s2\">https:\/\/developers.google.com\/analytics\/devguides\/collection\/analyticsjs\/cookie-usage<\/span><\/a>; l\u2019informativa sulla privacy di Google Inc., titolare del trattamento dei dati relativo al <span class=\"s1\">servizio Google Analytics, \u00e8 disponibile alla pagina <a href=\"http:\/\/www.google.com\/intl\/en\/analytics\/privacyoverview.html\"><span class=\"s2\">http:\/\/www.google.com\/intl\/en\/analytics\/privacyoverview.html<\/span><\/a><\/span>. Come espressamente indicato\u00a0dal Garante Privacy\u00a0con i \u201cChiarimenti in merito all\u2019attuazione della normativa in materia di cookie\u201d del 5 Giugno 2015, punto 2 (\u201cUtilizzo di cookie analitici di terze parti\u201d) il nostro sito, utilizzando<span id=\"aui_3_2_0_1109\"> per meri fini statistici cookie analitici realizzati e messi a disposizione da terze parti, <\/span>ha deciso di avvalersi della funzione di anonimizzazione degli IP degli utenti fornita da Google Inc., come indicato alla pagina<a href=\"https:\/\/support.google.com\/analytics\/answer\/2763052?hl=it\" target=\"_blank\">https:\/\/support.google.com\/analytics\/answer\/2763052?hl=it<\/a> e ha\u00a0accettato l\u2019emendamento sull\u2019elaborazione dei\u00a0dati (Google Analytics Data Processing Amendment v20130906), reso disponibile da Google Analytics in conformit\u00e0 alla Direttiva 95\/46\/CE, con cui Google Inc. si impegna a trattare i dati secondo le richieste del Cliente \u2013 Titolare del sito e a non condividerli con altri servizi aggiuntivi\u00a0se non sia il titolare stesso a richiederlo, attraverso le impostazioni dei servizi; a tal fine si comunica che il titolare del nostro sito non ha collegato Google Analytics ad alcun servizio aggiuntivo e che non \u00e8 stata attivata alcuna opzione pubblicitaria o di condivisione dei dati con Google Inc.., ragion per cui il servizio di Google Analytics, usato dal nostro sito per soli fini statistici, non richiede all\u2019utente alcun consenso per il rilascio dei relativi cookie; alla pagina <a href=\"https:\/\/tools.google.com\/dlpage\/gaoptout?hl=it\">https:\/\/tools.google.com\/dlpage\/gaoptout?hl=it<\/a> \u00e8 disponibile il componente aggiuntivo del browser per la disattivazione di Google Analytics.<\/p>\n<h3 style=\"text-align: justify;\"><strong>Link e widget di social network<\/strong><\/h3>\n<p class=\"p1\" style=\"text-align: justify;\">Nel sito sono presenti link e\/o widget relative a social network (quali ad esempio Facebook, Twitter, Pinterest, \u2026) che consentono all\u2019utente che sta navigando sul nostro sito di interagire con un \u201cclick\u201d direttamente con le piattaforme social; sono dei link che rinviano all\u2019account del titolare sui social network raffigurati, non rappresentando dunque un\u2019installazione di cookie terze parti. A titolo informativo di seguito sono indicate le pagine dove l\u2019utente pu\u00f2 visionare l\u2019informativa sulla privacy\u00a0 da parte dei social network indicati.<\/p>\n<p style=\"text-align: justify;\"><a href=\"https:\/\/support.twitter.com\/articles\/20170519-uso-dei-cookie-e-di-altre-tecnologie-simili-da-parte-di-twitter#\" target=\"_blank\">https:\/\/support.twitter.com\/articles\/20170519-uso-dei-cookie-e-di-altre-tecnologie-simili-da-parte-di-twitter#<\/a><\/p>\n<p style=\"text-align: justify;\"><a href=\"https:\/\/www.facebook.com\/help\/cookies\" target=\"_blank\">https:\/\/www.facebook.com\/help\/cookies<\/a><\/p>\n<p style=\"text-align: justify;\"><a href=\"https:\/\/about.pinterest.com\/it\/privacy-policy\">https:\/\/about.pinterest.com\/it\/privacy-policy<\/a><\/p>\n<h3 style=\"text-align: justify;\"><strong>Twitter<\/strong><\/h3>\n<p style=\"text-align: justify;\">Il nostro sito incorpora il widget di Twitter che comporta l\u2019installazione di cookie, anche profilanti (cookie di profilazione terze parti), da parte di\u00a0Twitter Inc., ma nessuna informazione \u00e8 condivisa dal sito in cui il widget viene installato. Informazioni relative al servizio, cos\u00ec come le modalit\u00e0 di disattivazione dei cookie, sono disponibili alle pagine <a href=\"http:\/\/twitter.com\/privacy\" target=\"_blank\">http:\/\/twitter.com\/privacy<\/a> e<a href=\"https:\/\/support.twitter.com\/articles\/20170519-uso-dei-cookie-e-di-altre-tecnologie-simili-da-parte-di-twitter#\" target=\"_blank\">https:\/\/support.twitter.com\/articles\/20170519-uso-dei-cookie-e-di-altre-tecnologie-simili-da-parte-di-twitter#<\/a>.<\/p>\n<h2 style=\"text-align: justify;\"><strong>Considerazioni finali<\/strong><\/h2>\n<p style=\"text-align: justify;\"><span class=\"s1\">Il trattamento viene effettuato con strumenti automatizzati da parte del titolare del sito a http:\/\/francescacay.com, senza che venga effettuata alcuna diffusione o comunicazione dei dati. <\/span>Fatta eccezione per i cookie tecnici strettamente necessari alla normale navigazione, il conferimento dei dati \u00e8 rimesso alla volont\u00e0 dell\u2019utente che decide di navigare sul nostro sito dopo aver preso visione dell\u2019informativa breve contenuta nell\u2019apposito banner; l\u2019utente pu\u00f2 evitare l\u2019installazione dei cookie conservando il banner ed astenendosi dalla navigazione ovvero dal chiuderlo cliccando sul tasto \u201cOK\u201d oppure tramite le apposite funzioni disponibili sul browser del dispositivo utilizzato per la navigazione; l\u2019eventuale prosecuzione della navigazione sulla medesima pagina web viene qualificata come azione positiva dell\u2019utente ed equivale al consenso all\u2019installazione dei cookie.<\/p>\n<p style=\"text-align: justify;\">L\u2019utente ha facolt\u00e0 di eliminare\/disattivare i cookie non strettamente necessari alla navigazione attraverso le funzionalit\u00e0 disponibili con la presente informativa estesa ovvero direttamente tramite il proprio browser di navigazione, mentre per i cookie terze parti attraverso le funzionalit\u00e0 indicate nella presente informativa che rimandano alle pagine informative delle societ\u00e0 terze parti.<\/p>\n<p class=\"p1\" style=\"text-align: justify;\">Utili informazioni sui cookie presenti nel proprio dispositivo, nonch\u00e8 la possibilit\u00e0 di disattivazione singola, sono disponibili alla pagina<a href=\"http:\/\/www.youronlinechoices.com\/it\/le-tue-scelte\" target=\"_blank\">http:\/\/www.youronlinechoices.com\/it\/le-tue-scelte<\/a>.<\/p>\n<p class=\"p1\" style=\"text-align: justify;\"><span class=\"s1\">L\u2019interessato potr\u00e0 far valere in ogni momento i diritti di cui all\u2019art. 7 del D.Lvo 196\/2003, cos\u00ec come indicato nella pagina <a href=\"http:\/\/www.studioquerci.eu\/informativa-sulla-privacy\/\">privacy policy<\/a>\u00a0del nostro sito.<\/span><\/p>\n<h2 style=\"text-align: justify;\"><strong>Revoca consenso Cookie<\/strong><\/h2>\n<p style=\"text-align: justify;\">In qualsiasi momento hai diritto a revocare il tuo consenso all&#8217; accettazione dei Cookie.<\/p>\n<p style=\"text-align: justify;\"><strong>Per fare ci\u00f2 non devi fare altro che cliccare sul bottone &#8220;Revoca consenso cookie&#8221; che trovi qui sotto.<\/strong><\/p>\n","protected":false},"excerpt":{"rendered":"<p>Informativa cookie &#8211; Informativa Estesa Francesca Cay\u00a0titolare del trattamento dei dati personali sul sito http:\/\/francescacay.com,\u00a0informa che fa uso di cookie al fine di rendere i nostri<span class=\"excerpt-hellip\"> [\u2026]<\/span><\/p>\n","protected":false},"author":1,"featured_media":0,"parent":0,"menu_order":0,"comment_status":"closed","ping_status":"closed","template":"","meta":{"_monsterinsights_skip_tracking":false,"_monsterinsights_sitenote_active":false,"_monsterinsights_sitenote_note":"","_monsterinsights_sitenote_category":0},"_links":{"self":[{"href":"https:\/\/francescacay.com\/en\/wp-json\/wp\/v2\/pages\/2332"}],"collection":[{"href":"https:\/\/francescacay.com\/en\/wp-json\/wp\/v2\/pages"}],"about":[{"href":"https:\/\/francescacay.com\/en\/wp-json\/wp\/v2\/types\/page"}],"author":[{"embeddable":true,"href":"https:\/\/francescacay.com\/en\/wp-json\/wp\/v2\/users\/1"}],"replies":[{"embeddable":true,"href":"https:\/\/francescacay.com\/en\/wp-json\/wp\/v2\/comments?post=2332"}],"version-history":[{"count":3,"href":"https:\/\/francescacay.com\/en\/wp-json\/wp\/v2\/pages\/2332\/revisions"}],"predecessor-version":[{"id":2335,"href":"https:\/\/francescacay.com\/en\/wp-json\/wp\/v2\/pages\/2332\/revisions\/2335"}],"wp:attachment":[{"href":"https:\/\/francescacay.com\/en\/wp-json\/wp\/v2\/media?parent=2332"}],"curies":[{"name":"wp","href":"https:\/\/api.w.org\/{rel}","templated":true}]}}